{"id":1985,"date":"2023-11-15T21:09:48","date_gmt":"2023-11-15T20:09:48","guid":{"rendered":"https:\/\/www.vdecav.sk\/diakonia\/?page_id=1985"},"modified":"2024-01-12T11:52:58","modified_gmt":"2024-01-12T10:52:58","slug":"ako-podat-ziadost","status":"publish","type":"page","link":"https:\/\/www.vdecav.sk\/diakonia\/index.php\/ako-podat-ziadost\/","title":{"rendered":"Ako poda\u0165 \u017eiados\u0165"},"content":{"rendered":"\t\t<div data-elementor-type=\"wp-page\" data-elementor-id=\"1985\" class=\"elementor elementor-1985\">\n\t\t\t\t\t\t<section class=\"elementor-section elementor-top-section elementor-element elementor-element-15da9910 elementor-section-height-min-height elementor-section-boxed elementor-section-height-default elementor-section-items-middle\" data-id=\"15da9910\" data-element_type=\"section\" data-settings=\"{&quot;background_background&quot;:&quot;classic&quot;}\">\n\t\t\t\t\t\t<div class=\"elementor-container elementor-column-gap-default\">\n\t\t\t\t\t<div class=\"elementor-column elementor-col-100 elementor-top-column elementor-element elementor-element-136e4e3f\" data-id=\"136e4e3f\" data-element_type=\"column\">\n\t\t\t<div class=\"elementor-widget-wrap elementor-element-populated\">\n\t\t\t\t\t\t<div class=\"elementor-element elementor-element-4301a090 elementor-widget elementor-widget-page-title\" data-id=\"4301a090\" data-element_type=\"widget\" data-widget_type=\"page-title.default\">\n\t\t\t\t<div class=\"elementor-widget-container\">\n\t\t\t\t\t\t\t\n\t\t<div class=\"hfe-page-title hfe-page-title-wrapper elementor-widget-heading\">\n\n\t\t\t\t\t\t\t\t\t\t\t<a href=\"https:\/\/www.vdecav.sk\/diakonia\">\n\t\t\t\t\t\t<h2 class=\"elementor-heading-title elementor-size-default\">\n\t\t\t\t\t\t\t\t\n\t\t\t\tAko poda\u0165 \u017eiados\u0165  \n\t\t\t<\/h2 > \n\t\t\t\t\t\t\t\t\t<\/a>\n\t\t\t\t\t<\/div>\n\t\t\t\t\t\t<\/div>\n\t\t\t\t<\/div>\n\t\t\t\t\t<\/div>\n\t\t<\/div>\n\t\t\t\t\t<\/div>\n\t\t<\/section>\n\t\t\t\t<section class=\"elementor-section elementor-top-section elementor-element elementor-element-4bc5476 elementor-section-boxed elementor-section-height-default elementor-section-height-default\" data-id=\"4bc5476\" data-element_type=\"section\">\n\t\t\t\t\t\t<div class=\"elementor-container elementor-column-gap-default\">\n\t\t\t\t\t<div class=\"elementor-column elementor-col-100 elementor-top-column elementor-element elementor-element-e59f870\" data-id=\"e59f870\" data-element_type=\"column\">\n\t\t\t<div class=\"elementor-widget-wrap elementor-element-populated\">\n\t\t\t\t\t\t<div class=\"elementor-element elementor-element-99e90d6 elementor-widget elementor-widget-text-editor\" data-id=\"99e90d6\" data-element_type=\"widget\" data-widget_type=\"text-editor.default\">\n\t\t\t\t<div class=\"elementor-widget-container\">\n\t\t\t\t\t\t\t\t\t<h4><b>Vybavenie si odk\u00e1zanosti na soci\u00e1lne slu\u017eby<\/b><b><br \/><\/b><\/h4><p><span style=\"font-weight: 400;\">1. Cho\u010fte na Miestny \u00farad pod\u013ea adresy trval\u00e9ho pobytu, na soci\u00e1lny odbor a tam si vyp\u00fdtajte <\/span><b>\u201e\u017diados\u0165 o\u00a0pos\u00fadenie odk\u00e1zanosti na soci\u00e1lnu slu\u017ebu\u201c<\/b><span style=\"font-weight: 400;\">. (v\u00e4\u010d\u0161ina miestnych \u00faradov m\u00e1 t\u00fato \u017eiados\u0165 k dispoz\u00edcii na stiahnutie na svojej internetovej str\u00e1nke). T\u00e1to \u017eiados\u0165 m\u00e1 zvy\u010dajne dve \u010dasti. Prv\u00fa \u010das\u0165 \u017eiadosti vypln\u00edte sami \u010di za pomoci rodinn\u00e9ho pr\u00edslu\u0161n\u00edka, alebo po\u017eiadajte o pomoc pracovn\u00edka, ktor\u00fd v\u00e1m formul\u00e1r \u017eiadosti dal. Prv\u00e1 \u010das\u0165 \u017eiadosti obsahuje identifika\u010dn\u00e9 \u00fadaje o va\u0161ej osobe.<\/span><\/p><p>2. Druh\u00fa \u010das\u0165 \u017eiadosti (tzv. N\u00e1lez lek\u00e1ra) vypln\u00ed v\u00e1\u0161 v\u0161eobecn\u00fd obvodn\u00fd lek\u00e1r pre dospel\u00fdch. Niektor\u00ed lek\u00e1ri na vyplnenie potrebuj\u00fa nieko\u013eko dn\u00ed a za vyplnenie si \u00fa\u010dtuj\u00fa administrat\u00edvny poplatok. Je dobr\u00e9, ak k \u017eiadosti pripoj\u00edte aj posledn\u00e9 odborn\u00e9 spr\u00e1vy lek\u00e1rov \u2013 \u0161pecialistov, u ktor\u00fdch ste sledovan\u00ed.<\/p><p>3. S vyplnenou \u201e\u017diados\u0165ou \u00a0o pos\u00fadenie odk\u00e1zanosti na soci\u00e1lnu slu\u017ebu\u201c sa vr\u00e1\u0165te na pr\u00edslu\u0161n\u00fd miestny \u00farad, odovzdajte ho na podate\u013eni alebo na soci\u00e1lnom odbore. Miestny \u00farad m\u00e1 spravidla 30 dn\u00ed na vydanie Rozhodnutia o odk\u00e1zanosti na soci\u00e1lnu slu\u017ebu.<\/p><p>4. Zvy\u010dajne miestny \u00farad k v\u00e1m po\u0161le na n\u00e1v\u0161tevu svojho soci\u00e1lneho pracovn\u00edka, aby vypracoval soci\u00e1lny posudok, ktor\u00fd je s\u00fa\u010das\u0165ou Rozhodnutia o odk\u00e1zanosti na soci\u00e1lnu slu\u017ebu. Soci\u00e1lneho pracovn\u00edka bude zauj\u00edma\u0165 najm\u00e4 va\u0161e rodinn\u00e9 prostredie, sebaobslu\u017en\u00e9 \u00fakony, pri ktor\u00fdch potrebujete pomoc.<\/p><p><span style=\"font-weight: 400;\">5. Do 30 dn\u00ed od podania va\u0161ej \u017eiadosti v\u00e1s bude miestny \u00farad kontaktova\u0165, \u017ee m\u00e1te vydan\u00e9 Rozhodnutie o odk\u00e1zanosti na soci\u00e1lnu slu\u017ebu. Navrhujeme, aby ste si ho vyzdvihli osobne a dali hne\u010f vyzna\u010di\u0165 pr\u00e1voplatnos\u0165 rozhodnutia. Tento origin\u00e1l rozhodnutia sa priklad\u00e1 k Zmluve o poskytovan\u00ed soci\u00e1lnej slu\u017eby, resp. pri prij\u00edman\u00ed klienta do zariadenia.\u00a0 <\/span><\/p><p>6. Toto Rozhodnutie o odk\u00e1zanosti na soci\u00e1lnu slu\u017ebu prin\u00e1\u0161a finan\u010dn\u00fd pr\u00edspevok do zariadenia. Na\u0161im klientom sa m\u00f4\u017eete sta\u0165 aj vtedy, ak toto rozhodnutie nem\u00e1te, stanete sa tzv. samoplatcom a do toho \u010dasu, k\u00fdm tak\u00e9to pr\u00e1voplatn\u00e9 rozhodnutie nebudete ma\u0165.<\/p><p><span style=\"font-weight: 400;\">7. Ak m\u00e1te z\u00e1ujem o poskytovanie starostlivosti v na\u0161om zariaden\u00ed, tu si m\u00f4\u017eete stiahnu\u0165 <\/span><i><span style=\"font-weight: 400;\">\u017diados\u0165 o\u00a0uzavretie zmluvy o\u00a0poskytovan\u00ed soci\u00e1lnej slu\u017eby<\/span><\/i><span style=\"font-weight: 400;\">. Odpor\u00fa\u010dame t\u00fato \u017eiados\u0165 prinies\u0165 na osobn\u00e9 stretnutie, ktor\u00e9 si vopred pros\u00edm dohodnite.<\/span><\/p>\t\t\t\t\t\t\t\t<\/div>\n\t\t\t\t<\/div>\n\t\t\t\t<div class=\"elementor-element elementor-element-cbb28b9 elementor-widget elementor-widget-text-editor\" data-id=\"cbb28b9\" data-element_type=\"widget\" data-widget_type=\"text-editor.default\">\n\t\t\t\t<div class=\"elementor-widget-container\">\n\t\t\t\t\t\t\t\t\t<p><b>\u00a0\u00a0Na\u0161e tipy:<\/b><\/p><ul><li style=\"font-weight: 400;\" aria-level=\"1\"><span style=\"font-weight: 400;\">Odpor\u00fa\u010dame V\u00e1m vybavi\u0165 si Rozhodnutie o\u00a0odk\u00e1zanosti na soci\u00e1lnu slu\u017ebu sk\u00f4r, m\u00f4\u017eete ho ma\u0165 doma aj nieko\u013eko mesiacov \u010di rokov a\u00a0v\u00a0pr\u00edpade, \u017ee sa rozhodnete sta\u0165 sa klientom zariadenia pre seniorov, budete ma\u0165 u\u017e rozhodnutie prichystan\u00e9.<\/span><\/li><li style=\"font-weight: 400;\" aria-level=\"1\"><span style=\"font-weight: 400;\">V\u00a0pr\u00edpade, \u017ee ste osamoten\u00ed a\u00a0nem\u00e1te nikoho, kto by V\u00e1m pomohol, ve\u013emi radi v\u00e1m so v\u0161etk\u00fdm potrebn\u00fdm pom\u00f4\u017eeme !<\/span><\/li><\/ul>\t\t\t\t\t\t\t\t<\/div>\n\t\t\t\t<\/div>\n\t\t\t\t\t<\/div>\n\t\t<\/div>\n\t\t\t\t\t<\/div>\n\t\t<\/section>\n\t\t\t\t<section class=\"elementor-section elementor-top-section elementor-element elementor-element-4211ddf elementor-section-height-min-height elementor-section-boxed elementor-section-height-default elementor-section-items-middle\" data-id=\"4211ddf\" data-element_type=\"section\">\n\t\t\t\t\t\t<div class=\"elementor-container elementor-column-gap-default\">\n\t\t\t\t\t<div class=\"elementor-column elementor-col-100 elementor-top-column elementor-element elementor-element-e9f9dec\" data-id=\"e9f9dec\" data-element_type=\"column\">\n\t\t\t<div class=\"elementor-widget-wrap elementor-element-populated\">\n\t\t\t\t\t\t<div class=\"elementor-element elementor-element-b5bb01d elementor-align-center elementor-widget elementor-widget-button\" data-id=\"b5bb01d\" data-element_type=\"widget\" data-widget_type=\"button.default\">\n\t\t\t\t<div class=\"elementor-widget-container\">\n\t\t\t\t\t\t\t\t\t<div class=\"elementor-button-wrapper\">\n\t\t\t\t\t<a class=\"elementor-button elementor-button-link elementor-size-lg\" href=\"https:\/\/www.vdecav.sk\/diakonia\/wp-content\/uploads\/2022\/11\/Ziadost_-o_uzatvorenie_zmluvy_DD-Elim_c.1.pdf\">\n\t\t\t\t\t\t<span class=\"elementor-button-content-wrapper\">\n\t\t\t\t\t\t\t\t\t<span class=\"elementor-button-text\">S\u0164IAHNU\u0164 \u017dIADOS\u0164<\/span>\n\t\t\t\t\t<\/span>\n\t\t\t\t\t<\/a>\n\t\t\t\t<\/div>\n\t\t\t\t\t\t\t\t<\/div>\n\t\t\t\t<\/div>\n\t\t\t\t\t<\/div>\n\t\t<\/div>\n\t\t\t\t\t<\/div>\n\t\t<\/section>\n\t\t\t\t<\/div>\n\t\t","protected":false},"excerpt":{"rendered":"<p>Ako poda\u0165 \u017eiados\u0165 Vybavenie si odk\u00e1zanosti na soci\u00e1lne slu\u017eby 1. Cho\u010fte na Miestny \u00farad pod\u013ea adresy trval\u00e9ho pobytu, na soci\u00e1lny odbor a tam si vyp\u00fdtajte \u201e\u017diados\u0165 o\u00a0pos\u00fadenie odk\u00e1zanosti na soci\u00e1lnu slu\u017ebu\u201c. (v\u00e4\u010d\u0161ina miestnych \u00faradov m\u00e1 t\u00fato \u017eiados\u0165 k dispoz\u00edcii na stiahnutie na svojej internetovej str\u00e1nke). T\u00e1to \u017eiados\u0165 m\u00e1 zvy\u010dajne dve \u010dasti. Prv\u00fa \u010das\u0165 \u017eiadosti vypln\u00edte [&hellip;]<\/p>\n","protected":false},"author":1,"featured_media":0,"parent":0,"menu_order":0,"comment_status":"closed","ping_status":"closed","template":"elementor_header_footer","meta":{"footnotes":""},"class_list":["post-1985","page","type-page","status-publish","hentry"],"yoast_head":"<!-- This site is optimized with the Yoast SEO plugin v24.7 - https:\/\/yoast.com\/wordpress\/plugins\/seo\/ -->\n<title>Ako poda\u0165 \u017eiados\u0165 - Elim<\/title>\n<meta name=\"robots\" content=\"index, follow, max-snippet:-1, max-image-preview:large, max-video-preview:-1\" \/>\n<link rel=\"canonical\" href=\"https:\/\/www.vdecav.sk\/diakonia\/index.php\/ako-podat-ziadost\/\" \/>\n<meta property=\"og:locale\" content=\"en_US\" \/>\n<meta property=\"og:type\" content=\"article\" \/>\n<meta property=\"og:title\" content=\"Ako poda\u0165 \u017eiados\u0165 - Elim\" \/>\n<meta property=\"og:description\" content=\"Ako poda\u0165 \u017eiados\u0165 Vybavenie si odk\u00e1zanosti na soci\u00e1lne slu\u017eby 1. Cho\u010fte na Miestny \u00farad pod\u013ea adresy trval\u00e9ho pobytu, na soci\u00e1lny odbor a tam si vyp\u00fdtajte \u201e\u017diados\u0165 o\u00a0pos\u00fadenie odk\u00e1zanosti na soci\u00e1lnu slu\u017ebu\u201c. (v\u00e4\u010d\u0161ina miestnych \u00faradov m\u00e1 t\u00fato \u017eiados\u0165 k dispoz\u00edcii na stiahnutie na svojej internetovej str\u00e1nke). T\u00e1to \u017eiados\u0165 m\u00e1 zvy\u010dajne dve \u010dasti. Prv\u00fa \u010das\u0165 \u017eiadosti vypln\u00edte [&hellip;]\" \/>\n<meta property=\"og:url\" content=\"https:\/\/www.vdecav.sk\/diakonia\/index.php\/ako-podat-ziadost\/\" \/>\n<meta property=\"og:site_name\" content=\"Elim\" \/>\n<meta property=\"article:modified_time\" content=\"2024-01-12T10:52:58+00:00\" \/>\n<meta name=\"twitter:card\" content=\"summary_large_image\" \/>\n<meta name=\"twitter:label1\" content=\"Est. reading time\" \/>\n\t<meta name=\"twitter:data1\" content=\"3 minutes\" \/>\n<script type=\"application\/ld+json\" class=\"yoast-schema-graph\">{\"@context\":\"https:\/\/schema.org\",\"@graph\":[{\"@type\":\"WebPage\",\"@id\":\"https:\/\/www.vdecav.sk\/diakonia\/index.php\/ako-podat-ziadost\/\",\"url\":\"https:\/\/www.vdecav.sk\/diakonia\/index.php\/ako-podat-ziadost\/\",\"name\":\"Ako poda\u0165 \u017eiados\u0165 - Elim\",\"isPartOf\":{\"@id\":\"https:\/\/www.vdecav.sk\/diakonia\/#website\"},\"datePublished\":\"2023-11-15T20:09:48+00:00\",\"dateModified\":\"2024-01-12T10:52:58+00:00\",\"breadcrumb\":{\"@id\":\"https:\/\/www.vdecav.sk\/diakonia\/index.php\/ako-podat-ziadost\/#breadcrumb\"},\"inLanguage\":\"en-US\",\"potentialAction\":[{\"@type\":\"ReadAction\",\"target\":[\"https:\/\/www.vdecav.sk\/diakonia\/index.php\/ako-podat-ziadost\/\"]}]},{\"@type\":\"BreadcrumbList\",\"@id\":\"https:\/\/www.vdecav.sk\/diakonia\/index.php\/ako-podat-ziadost\/#breadcrumb\",\"itemListElement\":[{\"@type\":\"ListItem\",\"position\":1,\"name\":\"Home\",\"item\":\"https:\/\/www.vdecav.sk\/diakonia\/\"},{\"@type\":\"ListItem\",\"position\":2,\"name\":\"Ako poda\u0165 \u017eiados\u0165\"}]},{\"@type\":\"WebSite\",\"@id\":\"https:\/\/www.vdecav.sk\/diakonia\/#website\",\"url\":\"https:\/\/www.vdecav.sk\/diakonia\/\",\"name\":\"Elim\",\"description\":\"\",\"potentialAction\":[{\"@type\":\"SearchAction\",\"target\":{\"@type\":\"EntryPoint\",\"urlTemplate\":\"https:\/\/www.vdecav.sk\/diakonia\/?s={search_term_string}\"},\"query-input\":{\"@type\":\"PropertyValueSpecification\",\"valueRequired\":true,\"valueName\":\"search_term_string\"}}],\"inLanguage\":\"en-US\"}]}<\/script>\n<!-- \/ Yoast SEO plugin. -->","yoast_head_json":{"title":"Ako poda\u0165 \u017eiados\u0165 - Elim","robots":{"index":"index","follow":"follow","max-snippet":"max-snippet:-1","max-image-preview":"max-image-preview:large","max-video-preview":"max-video-preview:-1"},"canonical":"https:\/\/www.vdecav.sk\/diakonia\/index.php\/ako-podat-ziadost\/","og_locale":"en_US","og_type":"article","og_title":"Ako poda\u0165 \u017eiados\u0165 - Elim","og_description":"Ako poda\u0165 \u017eiados\u0165 Vybavenie si odk\u00e1zanosti na soci\u00e1lne slu\u017eby 1. Cho\u010fte na Miestny \u00farad pod\u013ea adresy trval\u00e9ho pobytu, na soci\u00e1lny odbor a tam si vyp\u00fdtajte \u201e\u017diados\u0165 o\u00a0pos\u00fadenie odk\u00e1zanosti na soci\u00e1lnu slu\u017ebu\u201c. (v\u00e4\u010d\u0161ina miestnych \u00faradov m\u00e1 t\u00fato \u017eiados\u0165 k dispoz\u00edcii na stiahnutie na svojej internetovej str\u00e1nke). T\u00e1to \u017eiados\u0165 m\u00e1 zvy\u010dajne dve \u010dasti. Prv\u00fa \u010das\u0165 \u017eiadosti vypln\u00edte [&hellip;]","og_url":"https:\/\/www.vdecav.sk\/diakonia\/index.php\/ako-podat-ziadost\/","og_site_name":"Elim","article_modified_time":"2024-01-12T10:52:58+00:00","twitter_card":"summary_large_image","twitter_misc":{"Est. reading time":"3 minutes"},"schema":{"@context":"https:\/\/schema.org","@graph":[{"@type":"WebPage","@id":"https:\/\/www.vdecav.sk\/diakonia\/index.php\/ako-podat-ziadost\/","url":"https:\/\/www.vdecav.sk\/diakonia\/index.php\/ako-podat-ziadost\/","name":"Ako poda\u0165 \u017eiados\u0165 - Elim","isPartOf":{"@id":"https:\/\/www.vdecav.sk\/diakonia\/#website"},"datePublished":"2023-11-15T20:09:48+00:00","dateModified":"2024-01-12T10:52:58+00:00","breadcrumb":{"@id":"https:\/\/www.vdecav.sk\/diakonia\/index.php\/ako-podat-ziadost\/#breadcrumb"},"inLanguage":"en-US","potentialAction":[{"@type":"ReadAction","target":["https:\/\/www.vdecav.sk\/diakonia\/index.php\/ako-podat-ziadost\/"]}]},{"@type":"BreadcrumbList","@id":"https:\/\/www.vdecav.sk\/diakonia\/index.php\/ako-podat-ziadost\/#breadcrumb","itemListElement":[{"@type":"ListItem","position":1,"name":"Home","item":"https:\/\/www.vdecav.sk\/diakonia\/"},{"@type":"ListItem","position":2,"name":"Ako poda\u0165 \u017eiados\u0165"}]},{"@type":"WebSite","@id":"https:\/\/www.vdecav.sk\/diakonia\/#website","url":"https:\/\/www.vdecav.sk\/diakonia\/","name":"Elim","description":"","potentialAction":[{"@type":"SearchAction","target":{"@type":"EntryPoint","urlTemplate":"https:\/\/www.vdecav.sk\/diakonia\/?s={search_term_string}"},"query-input":{"@type":"PropertyValueSpecification","valueRequired":true,"valueName":"search_term_string"}}],"inLanguage":"en-US"}]}},"_links":{"self":[{"href":"https:\/\/www.vdecav.sk\/diakonia\/index.php\/wp-json\/wp\/v2\/pages\/1985","targetHints":{"allow":["GET"]}}],"collection":[{"href":"https:\/\/www.vdecav.sk\/diakonia\/index.php\/wp-json\/wp\/v2\/pages"}],"about":[{"href":"https:\/\/www.vdecav.sk\/diakonia\/index.php\/wp-json\/wp\/v2\/types\/page"}],"author":[{"embeddable":true,"href":"https:\/\/www.vdecav.sk\/diakonia\/index.php\/wp-json\/wp\/v2\/users\/1"}],"replies":[{"embeddable":true,"href":"https:\/\/www.vdecav.sk\/diakonia\/index.php\/wp-json\/wp\/v2\/comments?post=1985"}],"version-history":[{"count":6,"href":"https:\/\/www.vdecav.sk\/diakonia\/index.php\/wp-json\/wp\/v2\/pages\/1985\/revisions"}],"predecessor-version":[{"id":2172,"href":"https:\/\/www.vdecav.sk\/diakonia\/index.php\/wp-json\/wp\/v2\/pages\/1985\/revisions\/2172"}],"wp:attachment":[{"href":"https:\/\/www.vdecav.sk\/diakonia\/index.php\/wp-json\/wp\/v2\/media?parent=1985"}],"curies":[{"name":"wp","href":"https:\/\/api.w.org\/{rel}","templated":true}]}}