{"id":1979,"date":"2023-11-15T21:08:13","date_gmt":"2023-11-15T20:08:13","guid":{"rendered":"https:\/\/www.vdecav.sk\/diakonia\/?page_id=1979"},"modified":"2025-11-19T12:40:14","modified_gmt":"2025-11-19T11:40:14","slug":"cennik","status":"publish","type":"page","link":"https:\/\/www.vdecav.sk\/diakonia\/index.php\/cennik\/","title":{"rendered":"Cenn\u00edk"},"content":{"rendered":"\t\t<div data-elementor-type=\"wp-page\" data-elementor-id=\"1979\" class=\"elementor elementor-1979\">\n\t\t\t\t\t\t<section class=\"elementor-section elementor-top-section elementor-element elementor-element-51fcb127 elementor-section-height-min-height elementor-section-boxed elementor-section-height-default elementor-section-items-middle\" data-id=\"51fcb127\" data-element_type=\"section\" data-settings=\"{&quot;background_background&quot;:&quot;classic&quot;}\">\n\t\t\t\t\t\t<div class=\"elementor-container elementor-column-gap-default\">\n\t\t\t\t\t<div class=\"elementor-column elementor-col-100 elementor-top-column elementor-element elementor-element-22d7ae3a\" data-id=\"22d7ae3a\" data-element_type=\"column\">\n\t\t\t<div class=\"elementor-widget-wrap elementor-element-populated\">\n\t\t\t\t\t\t<div class=\"elementor-element elementor-element-4f9b6c8 elementor-widget elementor-widget-page-title\" data-id=\"4f9b6c8\" data-element_type=\"widget\" data-widget_type=\"page-title.default\">\n\t\t\t\t<div class=\"elementor-widget-container\">\n\t\t\t\t\t\t\t\n\t\t<div class=\"hfe-page-title hfe-page-title-wrapper elementor-widget-heading\">\n\n\t\t\t\t\t\t\t\t\t\t\t<a href=\"https:\/\/www.vdecav.sk\/diakonia\">\n\t\t\t\t\t\t<h2 class=\"elementor-heading-title elementor-size-default\">\n\t\t\t\t\t\t\t\t\n\t\t\t\tCenn\u00edk  \n\t\t\t<\/h2 > \n\t\t\t\t\t\t\t\t\t<\/a>\n\t\t\t\t\t<\/div>\n\t\t\t\t\t\t<\/div>\n\t\t\t\t<\/div>\n\t\t\t\t\t<\/div>\n\t\t<\/div>\n\t\t\t\t\t<\/div>\n\t\t<\/section>\n\t\t\t\t<section class=\"elementor-section elementor-top-section elementor-element elementor-element-5f5bf72 elementor-section-boxed elementor-section-height-default elementor-section-height-default\" data-id=\"5f5bf72\" data-element_type=\"section\">\n\t\t\t\t\t\t<div class=\"elementor-container elementor-column-gap-default\">\n\t\t\t\t\t<div class=\"elementor-column elementor-col-100 elementor-top-column elementor-element elementor-element-723bf22\" data-id=\"723bf22\" data-element_type=\"column\">\n\t\t\t<div class=\"elementor-widget-wrap elementor-element-populated\">\n\t\t\t\t\t\t<div class=\"elementor-element elementor-element-4776c46 elementor-widget elementor-widget-text-editor\" data-id=\"4776c46\" data-element_type=\"widget\" data-widget_type=\"text-editor.default\">\n\t\t\t\t<div class=\"elementor-widget-container\">\n\t\t\t\t\t\t\t\t\t<h4><strong>Cenn\u00edk poskytovan\u00fdch slu\u017eieb Diakonick\u00e9ho domova Elim platn\u00fd od 1. 6. 2023.\u00a0<\/strong><\/h4>\t\t\t\t\t\t\t\t<\/div>\n\t\t\t\t<\/div>\n\t\t\t\t\t<\/div>\n\t\t<\/div>\n\t\t\t\t\t<\/div>\n\t\t<\/section>\n\t\t\t\t<section class=\"elementor-section elementor-top-section elementor-element elementor-element-d84395a elementor-section-boxed elementor-section-height-default elementor-section-height-default\" data-id=\"d84395a\" data-element_type=\"section\">\n\t\t\t\t\t\t<div class=\"elementor-container elementor-column-gap-default\">\n\t\t\t\t\t<div class=\"elementor-column elementor-col-100 elementor-top-column elementor-element elementor-element-0aa8aaf\" data-id=\"0aa8aaf\" data-element_type=\"column\">\n\t\t\t<div class=\"elementor-widget-wrap elementor-element-populated\">\n\t\t\t\t\t\t<div class=\"elementor-element elementor-element-f6feb4b elementor-widget elementor-widget-text-editor\" data-id=\"f6feb4b\" data-element_type=\"widget\" data-widget_type=\"text-editor.default\">\n\t\t\t\t<div class=\"elementor-widget-container\">\n\t\t\t\t\t\t\t\t\t<p>Suma \u00fahrady za soci\u00e1lnu slu\u017ebu je ur\u010den\u00e1 v\u00a0zmysle \u00a7 72 z\u00e1kona o\u00a0soci\u00e1lnych slu\u017eb\u00e1ch vo v\u00fd\u0161ke adekv\u00e1tnej ekonomicky primeran\u00fdm n\u00e1kladom poskytovate\u013ea a\u00a0zah\u0155\u0148a\u00a0 nasledovn\u00e9 \u00fahrady:<\/p>\t\t\t\t\t\t\t\t<\/div>\n\t\t\t\t<\/div>\n\t\t\t\t\t<\/div>\n\t\t<\/div>\n\t\t\t\t\t<\/div>\n\t\t<\/section>\n\t\t\t\t<section class=\"elementor-section elementor-top-section elementor-element elementor-element-c813ae0 elementor-section-content-middle elementor-section-boxed elementor-section-height-default elementor-section-height-default\" data-id=\"c813ae0\" data-element_type=\"section\">\n\t\t\t\t\t\t<div class=\"elementor-container elementor-column-gap-default\">\n\t\t\t\t\t<div class=\"elementor-column elementor-col-100 elementor-top-column elementor-element elementor-element-708c5e3\" data-id=\"708c5e3\" data-element_type=\"column\">\n\t\t\t<div class=\"elementor-widget-wrap elementor-element-populated\">\n\t\t\t\t\t\t<div class=\"elementor-element elementor-element-d096255 elementor-widget__width-initial elementor-widget elementor-widget-text-editor\" data-id=\"d096255\" data-element_type=\"widget\" data-widget_type=\"text-editor.default\">\n\t\t\t\t<div class=\"elementor-widget-container\">\n\t\t\t\t\t\t\t\t\t<table width=\"595\"><tbody><tr><td width=\"429\"><p><strong><em>Obslu\u017en\u00e9 \u010dinnosti <\/em><\/strong><\/p><\/td><td width=\"166\"><p>Cena de\u0148 \/ \u20ac<\/p><\/td><\/tr><tr><td width=\"429\"><p><strong>Ubytovanie <\/strong>v\u00a0dvojl\u00f4\u017ekov\u00fdch izb\u00e1ch<\/p><\/td><td width=\"166\">\u00a0<\/td><\/tr><tr><td width=\"429\"><p>s vlastn\u00fdm soci\u00e1lnym zariaden\u00edm<\/p><\/td><td width=\"166\"><p><strong>15,00<\/strong><\/p><\/td><\/tr><tr><td width=\"429\"><p><strong><em>Strava racion\u00e1lna v\u00fd\u017eivn\u00e1 <\/em><\/strong><\/p><\/td><td width=\"166\">\u00a0<\/td><\/tr><tr><td width=\"429\"><p>Ra\u0148ajky<\/p><\/td><td width=\"166\"><p>1,00<\/p><\/td><\/tr><tr><td width=\"429\"><p>Desiata<\/p><\/td><td width=\"166\"><p>0,75<\/p><\/td><\/tr><tr><td width=\"429\"><p>Obed<\/p><\/td><td width=\"166\"><p>4,50<\/p><\/td><\/tr><tr><td width=\"429\"><p>Olovrant<\/p><\/td><td width=\"166\"><p>0,75<\/p><\/td><\/tr><tr><td width=\"429\"><p>Ve\u010dera<\/p><\/td><td width=\"166\"><p>4,00<\/p><\/td><\/tr><tr><td width=\"429\"><p><strong>Spolu<\/strong><\/p><\/td><td width=\"166\"><p><strong>11,0<\/strong><\/p><\/td><\/tr><tr><td width=\"429\"><p><strong>In\u00e9 obslu\u017en\u00e9 \u010dinnosti <\/strong><\/p><\/td><td width=\"166\">\u00a0<\/td><\/tr><tr><td width=\"429\"><p>Upratovanie<\/p><\/td><td width=\"166\"><p>\u00a0<strong>1,00<\/strong><\/p><\/td><\/tr><tr><td width=\"429\"><p>\u00dadr\u017eba \u0161atstva a bielizne (pranie, \u017eehlenie, \u00fadr\u017eba)<\/p><\/td><td width=\"166\"><p><strong>\u00a01,00<\/strong><\/p><\/td><\/tr><tr><td width=\"429\"><p><strong>\u010eal\u0161ie \u010dinnosti<\/strong><\/p><\/td><td width=\"166\">\u00a0<\/td><\/tr><tr><td width=\"429\"><p><strong><em>Odborn\u00e9 \u010dinnosti <\/em><\/strong><\/p><\/td><td width=\"166\"><p>Cena de\u0148\/ \u20ac<\/p><\/td><\/tr><tr><td width=\"429\"><p>Pomoc pri odk\u00e1zanosti na pomoc inej fyzickej osoby pod\u013ea<\/p><p>pr\u00edlohy \u010d. 3 a \u010d. 4 z\u00e1kona \u010d. 448\/2008 Z.z.Z\u00e1kon o soci\u00e1lnych<br \/>slu\u017eb\u00e1ch a o zmene a doplnen\u00ed z\u00e1kona \u010d. 455\/1991 Zb. o<\/p><\/td><td width=\"166\">\u00a0<\/td><\/tr><tr><td width=\"429\">\u00a0<\/td><td width=\"166\">\u00a0<\/td><\/tr><tr><td width=\"429\">\u00a0<\/td><td width=\"166\">\u00a0<\/td><\/tr><tr><td width=\"429\"><p>\u017eivnostenskom podnikan\u00ed v znen\u00ed neskor\u0161\u00edch predpisov.<\/p><\/td><td width=\"166\"><p>\u00a00,00<\/p><\/td><\/tr><tr><td width=\"429\"><p>Soci\u00e1lna rehabilit\u00e1cia<\/p><\/td><td width=\"166\"><p>0,00<\/p><\/td><\/tr><tr><td width=\"429\"><p><strong>Spolu<\/strong><\/p><\/td><td width=\"166\"><p><strong>28,00<\/strong><\/p><\/td><\/tr><\/tbody><\/table>\t\t\t\t\t\t\t\t<\/div>\n\t\t\t\t<\/div>\n\t\t\t\t\t<\/div>\n\t\t<\/div>\n\t\t\t\t\t<\/div>\n\t\t<\/section>\n\t\t\t\t<\/div>\n\t\t","protected":false},"excerpt":{"rendered":"<p>Cenn\u00edk Cenn\u00edk poskytovan\u00fdch slu\u017eieb Diakonick\u00e9ho domova Elim platn\u00fd od 1. 6. 2023.\u00a0 Suma \u00fahrady za soci\u00e1lnu slu\u017ebu je ur\u010den\u00e1 v\u00a0zmysle \u00a7 72 z\u00e1kona o\u00a0soci\u00e1lnych slu\u017eb\u00e1ch vo v\u00fd\u0161ke adekv\u00e1tnej ekonomicky primeran\u00fdm n\u00e1kladom poskytovate\u013ea a\u00a0zah\u0155\u0148a\u00a0 nasledovn\u00e9 \u00fahrady: Obslu\u017en\u00e9 \u010dinnosti Cena de\u0148 \/ \u20ac Ubytovanie v\u00a0dvojl\u00f4\u017ekov\u00fdch izb\u00e1ch \u00a0 s vlastn\u00fdm soci\u00e1lnym zariaden\u00edm 15,00 Strava racion\u00e1lna v\u00fd\u017eivn\u00e1 \u00a0 Ra\u0148ajky [&hellip;]<\/p>\n","protected":false},"author":1,"featured_media":0,"parent":0,"menu_order":0,"comment_status":"closed","ping_status":"closed","template":"elementor_canvas","meta":{"footnotes":""},"class_list":["post-1979","page","type-page","status-publish","hentry"],"yoast_head":"<!-- This site is optimized with the Yoast SEO plugin v24.7 - https:\/\/yoast.com\/wordpress\/plugins\/seo\/ -->\n<title>Cenn\u00edk - Elim<\/title>\n<meta name=\"robots\" content=\"index, follow, max-snippet:-1, max-image-preview:large, max-video-preview:-1\" \/>\n<link rel=\"canonical\" href=\"https:\/\/www.vdecav.sk\/diakonia\/index.php\/cennik\/\" \/>\n<meta property=\"og:locale\" content=\"en_US\" \/>\n<meta property=\"og:type\" content=\"article\" \/>\n<meta property=\"og:title\" content=\"Cenn\u00edk - Elim\" \/>\n<meta property=\"og:description\" content=\"Cenn\u00edk Cenn\u00edk poskytovan\u00fdch slu\u017eieb Diakonick\u00e9ho domova Elim platn\u00fd od 1. 6. 2023.\u00a0 Suma \u00fahrady za soci\u00e1lnu slu\u017ebu je ur\u010den\u00e1 v\u00a0zmysle \u00a7 72 z\u00e1kona o\u00a0soci\u00e1lnych slu\u017eb\u00e1ch vo v\u00fd\u0161ke adekv\u00e1tnej ekonomicky primeran\u00fdm n\u00e1kladom poskytovate\u013ea a\u00a0zah\u0155\u0148a\u00a0 nasledovn\u00e9 \u00fahrady: Obslu\u017en\u00e9 \u010dinnosti Cena de\u0148 \/ \u20ac Ubytovanie v\u00a0dvojl\u00f4\u017ekov\u00fdch izb\u00e1ch \u00a0 s vlastn\u00fdm soci\u00e1lnym zariaden\u00edm 15,00 Strava racion\u00e1lna v\u00fd\u017eivn\u00e1 \u00a0 Ra\u0148ajky [&hellip;]\" \/>\n<meta property=\"og:url\" content=\"https:\/\/www.vdecav.sk\/diakonia\/index.php\/cennik\/\" \/>\n<meta property=\"og:site_name\" content=\"Elim\" \/>\n<meta property=\"article:modified_time\" content=\"2025-11-19T11:40:14+00:00\" \/>\n<meta name=\"twitter:card\" content=\"summary_large_image\" \/>\n<meta name=\"twitter:label1\" content=\"Est. reading time\" \/>\n\t<meta name=\"twitter:data1\" content=\"1 minute\" \/>\n<script type=\"application\/ld+json\" class=\"yoast-schema-graph\">{\"@context\":\"https:\/\/schema.org\",\"@graph\":[{\"@type\":\"WebPage\",\"@id\":\"https:\/\/www.vdecav.sk\/diakonia\/index.php\/cennik\/\",\"url\":\"https:\/\/www.vdecav.sk\/diakonia\/index.php\/cennik\/\",\"name\":\"Cenn\u00edk - Elim\",\"isPartOf\":{\"@id\":\"https:\/\/www.vdecav.sk\/diakonia\/#website\"},\"datePublished\":\"2023-11-15T20:08:13+00:00\",\"dateModified\":\"2025-11-19T11:40:14+00:00\",\"breadcrumb\":{\"@id\":\"https:\/\/www.vdecav.sk\/diakonia\/index.php\/cennik\/#breadcrumb\"},\"inLanguage\":\"en-US\",\"potentialAction\":[{\"@type\":\"ReadAction\",\"target\":[\"https:\/\/www.vdecav.sk\/diakonia\/index.php\/cennik\/\"]}]},{\"@type\":\"BreadcrumbList\",\"@id\":\"https:\/\/www.vdecav.sk\/diakonia\/index.php\/cennik\/#breadcrumb\",\"itemListElement\":[{\"@type\":\"ListItem\",\"position\":1,\"name\":\"Home\",\"item\":\"https:\/\/www.vdecav.sk\/diakonia\/\"},{\"@type\":\"ListItem\",\"position\":2,\"name\":\"Cenn\u00edk\"}]},{\"@type\":\"WebSite\",\"@id\":\"https:\/\/www.vdecav.sk\/diakonia\/#website\",\"url\":\"https:\/\/www.vdecav.sk\/diakonia\/\",\"name\":\"Elim\",\"description\":\"\",\"potentialAction\":[{\"@type\":\"SearchAction\",\"target\":{\"@type\":\"EntryPoint\",\"urlTemplate\":\"https:\/\/www.vdecav.sk\/diakonia\/?s={search_term_string}\"},\"query-input\":{\"@type\":\"PropertyValueSpecification\",\"valueRequired\":true,\"valueName\":\"search_term_string\"}}],\"inLanguage\":\"en-US\"}]}<\/script>\n<!-- \/ Yoast SEO plugin. -->","yoast_head_json":{"title":"Cenn\u00edk - Elim","robots":{"index":"index","follow":"follow","max-snippet":"max-snippet:-1","max-image-preview":"max-image-preview:large","max-video-preview":"max-video-preview:-1"},"canonical":"https:\/\/www.vdecav.sk\/diakonia\/index.php\/cennik\/","og_locale":"en_US","og_type":"article","og_title":"Cenn\u00edk - Elim","og_description":"Cenn\u00edk Cenn\u00edk poskytovan\u00fdch slu\u017eieb Diakonick\u00e9ho domova Elim platn\u00fd od 1. 6. 2023.\u00a0 Suma \u00fahrady za soci\u00e1lnu slu\u017ebu je ur\u010den\u00e1 v\u00a0zmysle \u00a7 72 z\u00e1kona o\u00a0soci\u00e1lnych slu\u017eb\u00e1ch vo v\u00fd\u0161ke adekv\u00e1tnej ekonomicky primeran\u00fdm n\u00e1kladom poskytovate\u013ea a\u00a0zah\u0155\u0148a\u00a0 nasledovn\u00e9 \u00fahrady: Obslu\u017en\u00e9 \u010dinnosti Cena de\u0148 \/ \u20ac Ubytovanie v\u00a0dvojl\u00f4\u017ekov\u00fdch izb\u00e1ch \u00a0 s vlastn\u00fdm soci\u00e1lnym zariaden\u00edm 15,00 Strava racion\u00e1lna v\u00fd\u017eivn\u00e1 \u00a0 Ra\u0148ajky [&hellip;]","og_url":"https:\/\/www.vdecav.sk\/diakonia\/index.php\/cennik\/","og_site_name":"Elim","article_modified_time":"2025-11-19T11:40:14+00:00","twitter_card":"summary_large_image","twitter_misc":{"Est. reading time":"1 minute"},"schema":{"@context":"https:\/\/schema.org","@graph":[{"@type":"WebPage","@id":"https:\/\/www.vdecav.sk\/diakonia\/index.php\/cennik\/","url":"https:\/\/www.vdecav.sk\/diakonia\/index.php\/cennik\/","name":"Cenn\u00edk - Elim","isPartOf":{"@id":"https:\/\/www.vdecav.sk\/diakonia\/#website"},"datePublished":"2023-11-15T20:08:13+00:00","dateModified":"2025-11-19T11:40:14+00:00","breadcrumb":{"@id":"https:\/\/www.vdecav.sk\/diakonia\/index.php\/cennik\/#breadcrumb"},"inLanguage":"en-US","potentialAction":[{"@type":"ReadAction","target":["https:\/\/www.vdecav.sk\/diakonia\/index.php\/cennik\/"]}]},{"@type":"BreadcrumbList","@id":"https:\/\/www.vdecav.sk\/diakonia\/index.php\/cennik\/#breadcrumb","itemListElement":[{"@type":"ListItem","position":1,"name":"Home","item":"https:\/\/www.vdecav.sk\/diakonia\/"},{"@type":"ListItem","position":2,"name":"Cenn\u00edk"}]},{"@type":"WebSite","@id":"https:\/\/www.vdecav.sk\/diakonia\/#website","url":"https:\/\/www.vdecav.sk\/diakonia\/","name":"Elim","description":"","potentialAction":[{"@type":"SearchAction","target":{"@type":"EntryPoint","urlTemplate":"https:\/\/www.vdecav.sk\/diakonia\/?s={search_term_string}"},"query-input":{"@type":"PropertyValueSpecification","valueRequired":true,"valueName":"search_term_string"}}],"inLanguage":"en-US"}]}},"_links":{"self":[{"href":"https:\/\/www.vdecav.sk\/diakonia\/index.php\/wp-json\/wp\/v2\/pages\/1979","targetHints":{"allow":["GET"]}}],"collection":[{"href":"https:\/\/www.vdecav.sk\/diakonia\/index.php\/wp-json\/wp\/v2\/pages"}],"about":[{"href":"https:\/\/www.vdecav.sk\/diakonia\/index.php\/wp-json\/wp\/v2\/types\/page"}],"author":[{"embeddable":true,"href":"https:\/\/www.vdecav.sk\/diakonia\/index.php\/wp-json\/wp\/v2\/users\/1"}],"replies":[{"embeddable":true,"href":"https:\/\/www.vdecav.sk\/diakonia\/index.php\/wp-json\/wp\/v2\/comments?post=1979"}],"version-history":[{"count":9,"href":"https:\/\/www.vdecav.sk\/diakonia\/index.php\/wp-json\/wp\/v2\/pages\/1979\/revisions"}],"predecessor-version":[{"id":2283,"href":"https:\/\/www.vdecav.sk\/diakonia\/index.php\/wp-json\/wp\/v2\/pages\/1979\/revisions\/2283"}],"wp:attachment":[{"href":"https:\/\/www.vdecav.sk\/diakonia\/index.php\/wp-json\/wp\/v2\/media?parent=1979"}],"curies":[{"name":"wp","href":"https:\/\/api.w.org\/{rel}","templated":true}]}}